{"id":57,"date":"2022-11-15T17:45:24","date_gmt":"2022-11-15T17:45:24","guid":{"rendered":"https:\/\/jlorente.webs.upv.es\/curso\/?page_id=57"},"modified":"2022-11-15T17:45:25","modified_gmt":"2022-11-15T17:45:25","slug":"contacto","status":"publish","type":"page","link":"https:\/\/jlorente.webs.upv.es\/curso\/contacto\/","title":{"rendered":"Contacto"},"content":{"rendered":"\n<h2 class=\"wp-block-heading\">Situaci\u00f3n<\/h2>\n\n\n\n<div class=\"mapouter\"><div class=\"gmap_canvas\"><iframe loading=\"lazy\" width=\"600\" height=\"500\" id=\"gmap_canvas\" src=\"https:\/\/maps.google.com\/maps?q=Rodrigo%20de%20perteg%C3%A1s,%2031%20valencia%20espa%C3%B1a&#038;t=&#038;z=13&#038;ie=UTF8&#038;iwloc=&#038;output=embed\" frameborder=\"0\" scrolling=\"no\" marginheight=\"0\" marginwidth=\"0\"><\/iframe><a href=\"https:\/\/123movies-to.org\"><\/a><br><style>.mapouter{position:relative;text-align:right;height:500px;width:600px;}<\/style><a href=\"https:\/\/www.embedgooglemap.net\">adding google maps to wordpress<\/a><style>.gmap_canvas {overflow:hidden;background:none!important;height:500px;width:600px;}<\/style><\/div><\/div>\n\n\n\n<div class=\"wp-block-columns is-layout-flex wp-container-core-columns-is-layout-9d6595d7 wp-block-columns-is-layout-flex\">\n<div class=\"wp-block-column is-layout-flow wp-block-column-is-layout-flow\" style=\"flex-basis:33.33%\"><div class=\"wp-block-image\">\n<figure class=\"alignright size-thumbnail is-resized\"><img loading=\"lazy\" decoding=\"async\" src=\"https:\/\/jlorente.webs.upv.es\/curso\/wp-content\/uploads\/2022\/11\/telef-150x150.png\" alt=\"\" class=\"wp-image-55\" width=\"30\" height=\"30\"\/><\/figure>\n<\/div><\/div>\n\n\n\n<div class=\"wp-block-column is-layout-flow wp-block-column-is-layout-flow\" style=\"flex-basis:66.66%\">\n<p>Ll\u00e1manos al <a href=\"tel:\/\/649302772\" target=\"_blank\" rel=\"noreferrer noopener\">649302772<\/a><\/p>\n<\/div>\n<\/div>\n\n\n\n<div class=\"wp-block-columns is-layout-flex wp-container-core-columns-is-layout-9d6595d7 wp-block-columns-is-layout-flex\">\n<div class=\"wp-block-column is-layout-flow wp-block-column-is-layout-flow\" style=\"flex-basis:33.33%\"><div class=\"wp-block-image\">\n<figure class=\"alignright size-thumbnail is-resized\"><img loading=\"lazy\" decoding=\"async\" src=\"https:\/\/jlorente.webs.upv.es\/curso\/wp-content\/uploads\/2022\/11\/mail-150x150.png\" alt=\"\" class=\"wp-image-53\" width=\"30\" height=\"30\" srcset=\"https:\/\/jlorente.webs.upv.es\/curso\/wp-content\/uploads\/2022\/11\/mail-150x150.png 150w, https:\/\/jlorente.webs.upv.es\/curso\/wp-content\/uploads\/2022\/11\/mail-300x300.png 300w, https:\/\/jlorente.webs.upv.es\/curso\/wp-content\/uploads\/2022\/11\/mail-1024x1024.png 1024w, https:\/\/jlorente.webs.upv.es\/curso\/wp-content\/uploads\/2022\/11\/mail-768x768.png 768w, https:\/\/jlorente.webs.upv.es\/curso\/wp-content\/uploads\/2022\/11\/mail.png 1201w\" sizes=\"auto, (max-width: 30px) 100vw, 30px\" \/><\/figure>\n<\/div><\/div>\n\n\n\n<div class=\"wp-block-column is-layout-flow wp-block-column-is-layout-flow\" style=\"flex-basis:66.66%\">\n<p><a href=\"mailto:jlorente@upv.es\" target=\"_blank\" rel=\"noreferrer noopener\">jlorente@upv.es<\/a><\/p>\n<\/div>\n<\/div>\n\n\n\n<div class=\"wp-block-columns is-layout-flex wp-container-core-columns-is-layout-9d6595d7 wp-block-columns-is-layout-flex\">\n<div class=\"wp-block-column is-layout-flow wp-block-column-is-layout-flow\" style=\"flex-basis:33.33%\"><div class=\"wp-block-image\">\n<figure class=\"alignright size-thumbnail is-resized\"><img loading=\"lazy\" decoding=\"async\" src=\"https:\/\/jlorente.webs.upv.es\/curso\/wp-content\/uploads\/2022\/11\/mapa-150x150.png\" alt=\"\" class=\"wp-image-54\" width=\"30\" height=\"30\"\/><\/figure>\n<\/div><\/div>\n\n\n\n<div class=\"wp-block-column is-layout-flow wp-block-column-is-layout-flow\" style=\"flex-basis:66.66%\">\n<p><a href=\"https:\/\/www.upv.es\/plano\/plano-2d-es.html\" target=\"_blank\" rel=\"noreferrer noopener\">descarga el mapa de la UPV<\/a><\/p>\n<\/div>\n<\/div>\n\n\n\n<div class=\"wp-block-columns is-layout-flex wp-container-core-columns-is-layout-9d6595d7 wp-block-columns-is-layout-flex\">\n<div class=\"wp-block-column is-layout-flow wp-block-column-is-layout-flow\" style=\"flex-basis:33.33%\"><div class=\"wp-block-image\">\n<figure class=\"alignright size-full is-resized\"><img loading=\"lazy\" decoding=\"async\" src=\"https:\/\/jlorente.webs.upv.es\/curso\/wp-content\/uploads\/2022\/11\/WhatsAppButtonGreenMedium.png\" alt=\"\" class=\"wp-image-56\" width=\"95\" height=\"20\" srcset=\"https:\/\/jlorente.webs.upv.es\/curso\/wp-content\/uploads\/2022\/11\/WhatsAppButtonGreenMedium.png 378w, https:\/\/jlorente.webs.upv.es\/curso\/wp-content\/uploads\/2022\/11\/WhatsAppButtonGreenMedium-300x63.png 300w\" sizes=\"auto, (max-width: 95px) 100vw, 95px\" \/><\/figure>\n<\/div><\/div>\n\n\n\n<div class=\"wp-block-column is-layout-flow wp-block-column-is-layout-flow\" style=\"flex-basis:66.66%\">\n<p><a href=\"https:\/\/wa.me\/34649302772\" target=\"_blank\" rel=\"noreferrer noopener\">Env\u00eda un whatsapp<\/a><\/p>\n<\/div>\n<\/div>\n","protected":false},"excerpt":{"rendered":"<p>Situaci\u00f3n adding google maps to wordpress Ll\u00e1manos al 649302772 jlorente@upv.es descarga el mapa de la UPV Env\u00eda un whatsapp<\/p>\n","protected":false},"author":1,"featured_media":0,"parent":0,"menu_order":0,"comment_status":"closed","ping_status":"closed","template":"","meta":{"footnotes":""},"class_list":["post-57","page","type-page","status-publish","hentry"],"yoast_head":"<!-- This site is optimized with the Yoast SEO plugin v27.3 - https:\/\/yoast.com\/product\/yoast-seo-wordpress\/ -->\n<title>Contacto - Curso WP JJ<\/title>\n<meta name=\"robots\" content=\"index, follow, max-snippet:-1, max-image-preview:large, max-video-preview:-1\" \/>\n<link rel=\"canonical\" href=\"https:\/\/jlorente.webs.upv.es\/curso\/contacto\/\" \/>\n<meta property=\"og:locale\" content=\"es_ES\" \/>\n<meta property=\"og:type\" content=\"article\" \/>\n<meta property=\"og:title\" content=\"Contacto - Curso WP JJ\" \/>\n<meta property=\"og:description\" content=\"Situaci\u00f3n adding google maps to wordpress Ll\u00e1manos al 649302772 jlorente@upv.es descarga el mapa de la UPV Env\u00eda un whatsapp\" \/>\n<meta property=\"og:url\" content=\"https:\/\/jlorente.webs.upv.es\/curso\/contacto\/\" \/>\n<meta property=\"og:site_name\" content=\"Curso WP JJ\" \/>\n<meta property=\"article:modified_time\" content=\"2022-11-15T17:45:25+00:00\" \/>\n<meta property=\"og:image\" content=\"https:\/\/jlorente.webs.upv.es\/curso\/wp-content\/uploads\/2022\/11\/telef-150x150.png\" \/>\n<meta name=\"twitter:card\" content=\"summary_large_image\" \/>\n<meta name=\"twitter:label1\" content=\"Tiempo de lectura\" \/>\n\t<meta name=\"twitter:data1\" content=\"1 minuto\" \/>\n<script type=\"application\/ld+json\" class=\"yoast-schema-graph\">{\"@context\":\"https:\\\/\\\/schema.org\",\"@graph\":[{\"@type\":\"WebPage\",\"@id\":\"https:\\\/\\\/jlorente.webs.upv.es\\\/curso\\\/contacto\\\/\",\"url\":\"https:\\\/\\\/jlorente.webs.upv.es\\\/curso\\\/contacto\\\/\",\"name\":\"Contacto - Curso WP JJ\",\"isPartOf\":{\"@id\":\"https:\\\/\\\/jlorente.webs.upv.es\\\/curso\\\/#website\"},\"primaryImageOfPage\":{\"@id\":\"https:\\\/\\\/jlorente.webs.upv.es\\\/curso\\\/contacto\\\/#primaryimage\"},\"image\":{\"@id\":\"https:\\\/\\\/jlorente.webs.upv.es\\\/curso\\\/contacto\\\/#primaryimage\"},\"thumbnailUrl\":\"https:\\\/\\\/jlorente.webs.upv.es\\\/curso\\\/wp-content\\\/uploads\\\/2022\\\/11\\\/telef-150x150.png\",\"datePublished\":\"2022-11-15T17:45:24+00:00\",\"dateModified\":\"2022-11-15T17:45:25+00:00\",\"breadcrumb\":{\"@id\":\"https:\\\/\\\/jlorente.webs.upv.es\\\/curso\\\/contacto\\\/#breadcrumb\"},\"inLanguage\":\"es\",\"potentialAction\":[{\"@type\":\"ReadAction\",\"target\":[\"https:\\\/\\\/jlorente.webs.upv.es\\\/curso\\\/contacto\\\/\"]}]},{\"@type\":\"ImageObject\",\"inLanguage\":\"es\",\"@id\":\"https:\\\/\\\/jlorente.webs.upv.es\\\/curso\\\/contacto\\\/#primaryimage\",\"url\":\"https:\\\/\\\/jlorente.webs.upv.es\\\/curso\\\/wp-content\\\/uploads\\\/2022\\\/11\\\/telef.png\",\"contentUrl\":\"https:\\\/\\\/jlorente.webs.upv.es\\\/curso\\\/wp-content\\\/uploads\\\/2022\\\/11\\\/telef.png\",\"width\":219,\"height\":230},{\"@type\":\"BreadcrumbList\",\"@id\":\"https:\\\/\\\/jlorente.webs.upv.es\\\/curso\\\/contacto\\\/#breadcrumb\",\"itemListElement\":[{\"@type\":\"ListItem\",\"position\":1,\"name\":\"Portada\",\"item\":\"https:\\\/\\\/jlorente.webs.upv.es\\\/curso\\\/\"},{\"@type\":\"ListItem\",\"position\":2,\"name\":\"Contacto\"}]},{\"@type\":\"WebSite\",\"@id\":\"https:\\\/\\\/jlorente.webs.upv.es\\\/curso\\\/#website\",\"url\":\"https:\\\/\\\/jlorente.webs.upv.es\\\/curso\\\/\",\"name\":\"Curso WP JJ\",\"description\":\"\",\"potentialAction\":[{\"@type\":\"SearchAction\",\"target\":{\"@type\":\"EntryPoint\",\"urlTemplate\":\"https:\\\/\\\/jlorente.webs.upv.es\\\/curso\\\/?s={search_term_string}\"},\"query-input\":{\"@type\":\"PropertyValueSpecification\",\"valueRequired\":true,\"valueName\":\"search_term_string\"}}],\"inLanguage\":\"es\"}]}<\/script>\n<!-- \/ Yoast SEO plugin. -->","yoast_head_json":{"title":"Contacto - Curso WP JJ","robots":{"index":"index","follow":"follow","max-snippet":"max-snippet:-1","max-image-preview":"max-image-preview:large","max-video-preview":"max-video-preview:-1"},"canonical":"https:\/\/jlorente.webs.upv.es\/curso\/contacto\/","og_locale":"es_ES","og_type":"article","og_title":"Contacto - Curso WP JJ","og_description":"Situaci\u00f3n adding google maps to wordpress Ll\u00e1manos al 649302772 jlorente@upv.es descarga el mapa de la UPV Env\u00eda un whatsapp","og_url":"https:\/\/jlorente.webs.upv.es\/curso\/contacto\/","og_site_name":"Curso WP JJ","article_modified_time":"2022-11-15T17:45:25+00:00","og_image":[{"url":"https:\/\/jlorente.webs.upv.es\/curso\/wp-content\/uploads\/2022\/11\/telef-150x150.png","type":"","width":"","height":""}],"twitter_card":"summary_large_image","twitter_misc":{"Tiempo de lectura":"1 minuto"},"schema":{"@context":"https:\/\/schema.org","@graph":[{"@type":"WebPage","@id":"https:\/\/jlorente.webs.upv.es\/curso\/contacto\/","url":"https:\/\/jlorente.webs.upv.es\/curso\/contacto\/","name":"Contacto - Curso WP JJ","isPartOf":{"@id":"https:\/\/jlorente.webs.upv.es\/curso\/#website"},"primaryImageOfPage":{"@id":"https:\/\/jlorente.webs.upv.es\/curso\/contacto\/#primaryimage"},"image":{"@id":"https:\/\/jlorente.webs.upv.es\/curso\/contacto\/#primaryimage"},"thumbnailUrl":"https:\/\/jlorente.webs.upv.es\/curso\/wp-content\/uploads\/2022\/11\/telef-150x150.png","datePublished":"2022-11-15T17:45:24+00:00","dateModified":"2022-11-15T17:45:25+00:00","breadcrumb":{"@id":"https:\/\/jlorente.webs.upv.es\/curso\/contacto\/#breadcrumb"},"inLanguage":"es","potentialAction":[{"@type":"ReadAction","target":["https:\/\/jlorente.webs.upv.es\/curso\/contacto\/"]}]},{"@type":"ImageObject","inLanguage":"es","@id":"https:\/\/jlorente.webs.upv.es\/curso\/contacto\/#primaryimage","url":"https:\/\/jlorente.webs.upv.es\/curso\/wp-content\/uploads\/2022\/11\/telef.png","contentUrl":"https:\/\/jlorente.webs.upv.es\/curso\/wp-content\/uploads\/2022\/11\/telef.png","width":219,"height":230},{"@type":"BreadcrumbList","@id":"https:\/\/jlorente.webs.upv.es\/curso\/contacto\/#breadcrumb","itemListElement":[{"@type":"ListItem","position":1,"name":"Portada","item":"https:\/\/jlorente.webs.upv.es\/curso\/"},{"@type":"ListItem","position":2,"name":"Contacto"}]},{"@type":"WebSite","@id":"https:\/\/jlorente.webs.upv.es\/curso\/#website","url":"https:\/\/jlorente.webs.upv.es\/curso\/","name":"Curso WP JJ","description":"","potentialAction":[{"@type":"SearchAction","target":{"@type":"EntryPoint","urlTemplate":"https:\/\/jlorente.webs.upv.es\/curso\/?s={search_term_string}"},"query-input":{"@type":"PropertyValueSpecification","valueRequired":true,"valueName":"search_term_string"}}],"inLanguage":"es"}]}},"_links":{"self":[{"href":"https:\/\/jlorente.webs.upv.es\/curso\/wp-json\/wp\/v2\/pages\/57","targetHints":{"allow":["GET"]}}],"collection":[{"href":"https:\/\/jlorente.webs.upv.es\/curso\/wp-json\/wp\/v2\/pages"}],"about":[{"href":"https:\/\/jlorente.webs.upv.es\/curso\/wp-json\/wp\/v2\/types\/page"}],"author":[{"embeddable":true,"href":"https:\/\/jlorente.webs.upv.es\/curso\/wp-json\/wp\/v2\/users\/1"}],"replies":[{"embeddable":true,"href":"https:\/\/jlorente.webs.upv.es\/curso\/wp-json\/wp\/v2\/comments?post=57"}],"version-history":[{"count":2,"href":"https:\/\/jlorente.webs.upv.es\/curso\/wp-json\/wp\/v2\/pages\/57\/revisions"}],"predecessor-version":[{"id":59,"href":"https:\/\/jlorente.webs.upv.es\/curso\/wp-json\/wp\/v2\/pages\/57\/revisions\/59"}],"wp:attachment":[{"href":"https:\/\/jlorente.webs.upv.es\/curso\/wp-json\/wp\/v2\/media?parent=57"}],"curies":[{"name":"wp","href":"https:\/\/api.w.org\/{rel}","templated":true}]}}